{"id":203,"date":"2016-01-28T17:21:20","date_gmt":"2016-01-28T17:21:20","guid":{"rendered":"http:\/\/bbbertl.de\/?page_id=203"},"modified":"2018-05-14T17:32:55","modified_gmt":"2018-05-14T17:32:55","slug":"impressum","status":"publish","type":"page","link":"http:\/\/bbbertl.de\/?page_id=203","title":{"rendered":"Impressum"},"content":{"rendered":"<header class=\"entry-header\">\n<h1 class=\"entry-title\"><\/h1>\n<\/header>\n<div class=\"entry-content\">\n<p><b>Impressum<\/b><\/p>\n<p><b><i>Anbieter:<\/i><\/b><\/p>\n<p>Robert Eckert<br \/>\nWaldgartenstr. 56<br \/>\n81377 M\u00fcnchen<\/p>\n<p><b><i>Kontakt:<\/i><\/b><\/p>\n<p>Telefon: 089\/7148896<br \/>\ne-Mail:bbbertl(at)web.de<\/p>\n<p><b>Haftungshinweis:<\/b><\/p>\n<p>Trotz sorgf\u00e4ltiger inhaltlicher Kontrolle \u00fcbernehmen wir keine Haftung f\u00fcr die Inhalte externer Links. F\u00fcr den Inhalt der verlinkten Seiten sind ausschlie\u00dflich deren Betreiber verantwortlich.<\/p>\n<\/div>\n","protected":false},"excerpt":{"rendered":"<p>Impressum Anbieter: Robert Eckert Waldgartenstr. 56 81377 M\u00fcnchen Kontakt: Telefon: 089\/7148896 e-Mail:bbbertl(at)web.de Haftungshinweis: Trotz sorgf\u00e4ltiger inhaltlicher Kontrolle \u00fcbernehmen wir keine Haftung f\u00fcr die Inhalte externer Links. F\u00fcr den Inhalt der verlinkten Seiten sind ausschlie\u00dflich deren Betreiber verantwortlich.<\/p>\n","protected":false},"author":1,"featured_media":0,"parent":0,"menu_order":30,"comment_status":"closed","ping_status":"closed","template":"full-width-page.php","meta":{"footnotes":""},"class_list":["post-203","page","type-page","status-publish","hentry"],"_links":{"self":[{"href":"http:\/\/bbbertl.de\/index.php?rest_route=\/wp\/v2\/pages\/203","targetHints":{"allow":["GET"]}}],"collection":[{"href":"http:\/\/bbbertl.de\/index.php?rest_route=\/wp\/v2\/pages"}],"about":[{"href":"http:\/\/bbbertl.de\/index.php?rest_route=\/wp\/v2\/types\/page"}],"author":[{"embeddable":true,"href":"http:\/\/bbbertl.de\/index.php?rest_route=\/wp\/v2\/users\/1"}],"replies":[{"embeddable":true,"href":"http:\/\/bbbertl.de\/index.php?rest_route=%2Fwp%2Fv2%2Fcomments&post=203"}],"version-history":[{"count":1,"href":"http:\/\/bbbertl.de\/index.php?rest_route=\/wp\/v2\/pages\/203\/revisions"}],"predecessor-version":[{"id":204,"href":"http:\/\/bbbertl.de\/index.php?rest_route=\/wp\/v2\/pages\/203\/revisions\/204"}],"wp:attachment":[{"href":"http:\/\/bbbertl.de\/index.php?rest_route=%2Fwp%2Fv2%2Fmedia&parent=203"}],"curies":[{"name":"wp","href":"https:\/\/api.w.org\/{rel}","templated":true}]}}